{"id":39,"date":"2021-05-11T17:40:03","date_gmt":"2021-05-11T17:40:03","guid":{"rendered":"https:\/\/fuentedelmonje.com\/?page_id=39"},"modified":"2022-06-07T06:57:00","modified_gmt":"2022-06-07T06:57:00","slug":"landing-2","status":"publish","type":"page","link":"https:\/\/fuentedelmonje.com\/","title":{"rendered":"Landing"},"content":{"rendered":"<div id=\"sp-page\" class=\"spBgcover sp-content-1\" style=\"background-color: rgb(255, 255, 255); background-image: url('https:\/\/fuentedelmonje.com\/wp-content\/uploads\/2021\/05\/Fondo_we_FuenteDelMonje.jpg'); font-family: Verdana, Geneva, sans-serif; font-weight: 400;\">\n<section id=\"sp-ks8a8s\" class=\"sp-el-section \" style=\"width: 100%; max-width: 100%; padding: 10px; margin-top: 20px;\">\n<div id=\"sp-bytzii\" class=\"sp-el-row sm:sp-flex sp-justify-between sp-w-full  sp-m-auto\" style=\"padding: 0px; width: auto; max-width: 1600px;\">\n<div id=\"sp-jd978x\" class=\"sp-el-col sp-p-4  sp-w-full\" style=\"width: calc(35% + 0px); padding: 10px;\">\n<figure id=\"sp-vabc4u\" class=\"sp-image-wrapper\" style=\"margin-top: 0px; padding: 10px; text-align: left;\"><span><img decoding=\"async\" src=\"https:\/\/fuentedelmonje.com\/wp-content\/uploads\/2021\/05\/logoFuenteDelMonje.png\" alt=\"\"><\/span><\/figure>\n<\/div>\n<div id=\"sp-eifbbl\" class=\"sp-el-col sp-p-4  sp-w-full\" style=\"width: calc(65% + 0px); padding: 10px;\"><\/div>\n<\/div>\n<\/section>\n<section id=\"sp-ai9m5p\" class=\"sp-el-section \" style=\"width: 100%; max-width: 100%; padding: 10px; margin-top: 0px;\">\n<div id=\"sp-a8f3gz\" class=\"sp-el-row sm:sp-flex sp-justify-between sp-w-full  sp-m-auto\" style=\"padding: 0px; width: auto; max-width: 1600px; margin-top: 280px;\">\n<div id=\"sp-r3kwvt\" class=\"sp-el-col sp-p-4  sp-w-full\" style=\"width: calc(35% + 0px); padding: 10px;\">\n<div id=\"sp-td0h04\" class=\"sp-flex sp-css-target sp-bulletlist-block-template-0 sp-justify-start\" style=\"padding: 10px; margin-top: 0px; font-size: 16px;\">\n<ul class=\"sp-bulletlist-wrapper\">\n<li class=\"sp-flex sp-items-center sp-justify-start\" style=\"padding: 0px 0px 10px;\"><span class=\"sp-icon-wrapper sp-mr-4\"><i class=\"fa-fw fa-lg fas fa-map-marker-alt\" style=\"width: 32px; line-height: 32px; font-size: 16px; color: rgb(255, 255, 255);\"><\/i><\/span><span>Avda. Abilio Calder\u00f3n, 16 \u00b7 34210 Due\u00f1as (Palencia)<\/span><\/li>\n<li class=\"sp-flex sp-items-center sp-justify-start\" style=\"padding: 0px 0px 10px;\"><span class=\"sp-icon-wrapper sp-mr-4\"><i class=\"fa-fw fa-lg fas fa-phone-alt\" style=\"width: 32px; line-height: 32px; font-size: 16px; color: rgb(255, 255, 255);\"><\/i><\/span><span>Tf.: +34 979 780 441&nbsp; M\u00f3viles: 667 421 919 \/ 663 269 595<\/span><\/li>\n<li class=\"sp-flex sp-items-center sp-justify-start\"><span class=\"sp-icon-wrapper sp-mr-4\"><i class=\"fa-fw fa-lg fas fa-envelope\" style=\"width: 32px; line-height: 32px; font-size: 16px; color: rgb(255, 255, 255);\"><\/i><\/span><span>Mail: info@fuentedelmonje.com<\/span><\/li>\n<\/ul>\n<\/div>\n<\/div>\n<div id=\"sp-dkdcwn\" class=\"sp-el-col sp-p-4  sp-w-full\" style=\"width: calc(65% + 0px); padding: 10px;\"><\/div>\n<\/div>\n<\/section>\n<\/div>\n","protected":false},"excerpt":{"rendered":"<p>Avda. Abilio Calder\u00f3n, 16 \u00b7 34210 Due\u00f1as (Palencia) Tf.: +34 979 780 441&nbsp; M\u00f3viles: 667 421 919 \/ 663 269 595 Mail: info@fuentedelmonje.com<\/p>\n","protected":false},"author":1,"featured_media":0,"parent":0,"menu_order":0,"comment_status":"closed","ping_status":"closed","template":"","meta":{"footnotes":""},"class_list":["post-39","page","type-page","status-publish","hentry","entry"],"yoast_head":"<!-- This site is optimized with the Yoast SEO plugin v27.1.1 - https:\/\/yoast.com\/product\/yoast-seo-wordpress\/ -->\n<title>Landing - Fuente del Monje - C\u00e1rnicas Hermanos Fr\u00edas<\/title>\n<meta name=\"robots\" content=\"index, follow, max-snippet:-1, max-image-preview:large, max-video-preview:-1\" \/>\n<link rel=\"canonical\" href=\"https:\/\/fuentedelmonje.com\/\" \/>\n<meta property=\"og:locale\" content=\"es_ES\" \/>\n<meta property=\"og:type\" content=\"article\" \/>\n<meta property=\"og:title\" content=\"Landing - Fuente del Monje - C\u00e1rnicas Hermanos Fr\u00edas\" \/>\n<meta property=\"og:description\" content=\"Avda. Abilio Calder\u00f3n, 16 \u00b7 34210 Due\u00f1as (Palencia) Tf.: +34 979 780 441&nbsp; M\u00f3viles: 667 421 919 \/ 663 269 595 Mail: info@fuentedelmonje.com\" \/>\n<meta property=\"og:url\" content=\"https:\/\/fuentedelmonje.com\/\" \/>\n<meta property=\"og:site_name\" content=\"Fuente del Monje - C\u00e1rnicas Hermanos Fr\u00edas\" \/>\n<meta property=\"article:modified_time\" content=\"2022-06-07T06:57:00+00:00\" \/>\n<meta property=\"og:image\" content=\"https:\/\/fuentedelmonje.com\/wp-content\/uploads\/2021\/05\/logoFuenteDelMonje.png\" \/>\n<meta name=\"twitter:card\" content=\"summary_large_image\" \/>\n<script type=\"application\/ld+json\" class=\"yoast-schema-graph\">{\"@context\":\"https:\/\/schema.org\",\"@graph\":[{\"@type\":\"WebPage\",\"@id\":\"https:\/\/fuentedelmonje.com\/\",\"url\":\"https:\/\/fuentedelmonje.com\/\",\"name\":\"Landing - Fuente del Monje - C\u00e1rnicas Hermanos Fr\u00edas\",\"isPartOf\":{\"@id\":\"https:\/\/fuentedelmonje.com\/#website\"},\"primaryImageOfPage\":{\"@id\":\"https:\/\/fuentedelmonje.com\/#primaryimage\"},\"image\":{\"@id\":\"https:\/\/fuentedelmonje.com\/#primaryimage\"},\"thumbnailUrl\":\"https:\/\/fuentedelmonje.com\/wp-content\/uploads\/2021\/05\/logoFuenteDelMonje.png\",\"datePublished\":\"2021-05-11T17:40:03+00:00\",\"dateModified\":\"2022-06-07T06:57:00+00:00\",\"breadcrumb\":{\"@id\":\"https:\/\/fuentedelmonje.com\/#breadcrumb\"},\"inLanguage\":\"es\",\"potentialAction\":[{\"@type\":\"ReadAction\",\"target\":[\"https:\/\/fuentedelmonje.com\/\"]}]},{\"@type\":\"ImageObject\",\"inLanguage\":\"es\",\"@id\":\"https:\/\/fuentedelmonje.com\/#primaryimage\",\"url\":\"https:\/\/fuentedelmonje.com\/wp-content\/uploads\/2021\/05\/logoFuenteDelMonje.png\",\"contentUrl\":\"https:\/\/fuentedelmonje.com\/wp-content\/uploads\/2021\/05\/logoFuenteDelMonje.png\",\"width\":573,\"height\":398},{\"@type\":\"BreadcrumbList\",\"@id\":\"https:\/\/fuentedelmonje.com\/#breadcrumb\",\"itemListElement\":[{\"@type\":\"ListItem\",\"position\":1,\"name\":\"Portada\",\"item\":\"https:\/\/fuentedelmonje.com\/\"},{\"@type\":\"ListItem\",\"position\":2,\"name\":\"Landing\"}]},{\"@type\":\"WebSite\",\"@id\":\"https:\/\/fuentedelmonje.com\/#website\",\"url\":\"https:\/\/fuentedelmonje.com\/\",\"name\":\"Fuente del Monje - C\u00e1rnicas Hermanos Fr\u00edas\",\"description\":\"\",\"potentialAction\":[{\"@type\":\"SearchAction\",\"target\":{\"@type\":\"EntryPoint\",\"urlTemplate\":\"https:\/\/fuentedelmonje.com\/?s={search_term_string}\"},\"query-input\":{\"@type\":\"PropertyValueSpecification\",\"valueRequired\":true,\"valueName\":\"search_term_string\"}}],\"inLanguage\":\"es\"}]}<\/script>\n<!-- \/ Yoast SEO plugin. -->","yoast_head_json":{"title":"Landing - Fuente del Monje - C\u00e1rnicas Hermanos Fr\u00edas","robots":{"index":"index","follow":"follow","max-snippet":"max-snippet:-1","max-image-preview":"max-image-preview:large","max-video-preview":"max-video-preview:-1"},"canonical":"https:\/\/fuentedelmonje.com\/","og_locale":"es_ES","og_type":"article","og_title":"Landing - Fuente del Monje - C\u00e1rnicas Hermanos Fr\u00edas","og_description":"Avda. Abilio Calder\u00f3n, 16 \u00b7 34210 Due\u00f1as (Palencia) Tf.: +34 979 780 441&nbsp; M\u00f3viles: 667 421 919 \/ 663 269 595 Mail: info@fuentedelmonje.com","og_url":"https:\/\/fuentedelmonje.com\/","og_site_name":"Fuente del Monje - C\u00e1rnicas Hermanos Fr\u00edas","article_modified_time":"2022-06-07T06:57:00+00:00","og_image":[{"url":"https:\/\/fuentedelmonje.com\/wp-content\/uploads\/2021\/05\/logoFuenteDelMonje.png","type":"","width":"","height":""}],"twitter_card":"summary_large_image","schema":{"@context":"https:\/\/schema.org","@graph":[{"@type":"WebPage","@id":"https:\/\/fuentedelmonje.com\/","url":"https:\/\/fuentedelmonje.com\/","name":"Landing - Fuente del Monje - C\u00e1rnicas Hermanos Fr\u00edas","isPartOf":{"@id":"https:\/\/fuentedelmonje.com\/#website"},"primaryImageOfPage":{"@id":"https:\/\/fuentedelmonje.com\/#primaryimage"},"image":{"@id":"https:\/\/fuentedelmonje.com\/#primaryimage"},"thumbnailUrl":"https:\/\/fuentedelmonje.com\/wp-content\/uploads\/2021\/05\/logoFuenteDelMonje.png","datePublished":"2021-05-11T17:40:03+00:00","dateModified":"2022-06-07T06:57:00+00:00","breadcrumb":{"@id":"https:\/\/fuentedelmonje.com\/#breadcrumb"},"inLanguage":"es","potentialAction":[{"@type":"ReadAction","target":["https:\/\/fuentedelmonje.com\/"]}]},{"@type":"ImageObject","inLanguage":"es","@id":"https:\/\/fuentedelmonje.com\/#primaryimage","url":"https:\/\/fuentedelmonje.com\/wp-content\/uploads\/2021\/05\/logoFuenteDelMonje.png","contentUrl":"https:\/\/fuentedelmonje.com\/wp-content\/uploads\/2021\/05\/logoFuenteDelMonje.png","width":573,"height":398},{"@type":"BreadcrumbList","@id":"https:\/\/fuentedelmonje.com\/#breadcrumb","itemListElement":[{"@type":"ListItem","position":1,"name":"Portada","item":"https:\/\/fuentedelmonje.com\/"},{"@type":"ListItem","position":2,"name":"Landing"}]},{"@type":"WebSite","@id":"https:\/\/fuentedelmonje.com\/#website","url":"https:\/\/fuentedelmonje.com\/","name":"Fuente del Monje - C\u00e1rnicas Hermanos Fr\u00edas","description":"","potentialAction":[{"@type":"SearchAction","target":{"@type":"EntryPoint","urlTemplate":"https:\/\/fuentedelmonje.com\/?s={search_term_string}"},"query-input":{"@type":"PropertyValueSpecification","valueRequired":true,"valueName":"search_term_string"}}],"inLanguage":"es"}]}},"_links":{"self":[{"href":"https:\/\/fuentedelmonje.com\/index.php\/wp-json\/wp\/v2\/pages\/39","targetHints":{"allow":["GET"]}}],"collection":[{"href":"https:\/\/fuentedelmonje.com\/index.php\/wp-json\/wp\/v2\/pages"}],"about":[{"href":"https:\/\/fuentedelmonje.com\/index.php\/wp-json\/wp\/v2\/types\/page"}],"author":[{"embeddable":true,"href":"https:\/\/fuentedelmonje.com\/index.php\/wp-json\/wp\/v2\/users\/1"}],"replies":[{"embeddable":true,"href":"https:\/\/fuentedelmonje.com\/index.php\/wp-json\/wp\/v2\/comments?post=39"}],"version-history":[{"count":9,"href":"https:\/\/fuentedelmonje.com\/index.php\/wp-json\/wp\/v2\/pages\/39\/revisions"}],"predecessor-version":[{"id":84,"href":"https:\/\/fuentedelmonje.com\/index.php\/wp-json\/wp\/v2\/pages\/39\/revisions\/84"}],"wp:attachment":[{"href":"https:\/\/fuentedelmonje.com\/index.php\/wp-json\/wp\/v2\/media?parent=39"}],"curies":[{"name":"wp","href":"https:\/\/api.w.org\/{rel}","templated":true}]}}